{"id":3479,"date":"2024-10-12T17:06:11","date_gmt":"2024-10-12T15:06:11","guid":{"rendered":"https:\/\/costadamorte.info\/about-the-author\/"},"modified":"2024-10-12T17:06:11","modified_gmt":"2024-10-12T15:06:11","slug":"about-the-author","status":"publish","type":"page","link":"https:\/\/guia.visitacostadamorte.com\/en\/about-the-author\/","title":{"rendered":"About the author"},"content":{"rendered":"","protected":false},"excerpt":{"rendered":"","protected":false},"author":1,"featured_media":2903,"parent":0,"menu_order":0,"comment_status":"closed","ping_status":"closed","template":"","meta":{"_acf_changed":false,"slim_seo":{"title":"About the author - Costa da Morte, conf\u00edn de Europa","description":"Xan Fern\u00e1ndez Carrera Xan Fern\u00e1ndez Carrera has dedicated his life to preserving the essence of Costa da Morte, combining teaching with a passion for his homela"},"footnotes":""},"class_list":["post-3479","page","type-page","status-publish","has-post-thumbnail","hentry"],"acf":[],"_links":{"self":[{"href":"https:\/\/guia.visitacostadamorte.com\/en\/wp-json\/wp\/v2\/pages\/3479","targetHints":{"allow":["GET"]}}],"collection":[{"href":"https:\/\/guia.visitacostadamorte.com\/en\/wp-json\/wp\/v2\/pages"}],"about":[{"href":"https:\/\/guia.visitacostadamorte.com\/en\/wp-json\/wp\/v2\/types\/page"}],"author":[{"embeddable":true,"href":"https:\/\/guia.visitacostadamorte.com\/en\/wp-json\/wp\/v2\/users\/1"}],"replies":[{"embeddable":true,"href":"https:\/\/guia.visitacostadamorte.com\/en\/wp-json\/wp\/v2\/comments?post=3479"}],"version-history":[{"count":0,"href":"https:\/\/guia.visitacostadamorte.com\/en\/wp-json\/wp\/v2\/pages\/3479\/revisions"}],"wp:featuredmedia":[{"embeddable":true,"href":"https:\/\/guia.visitacostadamorte.com\/en\/wp-json\/wp\/v2\/media\/2903"}],"wp:attachment":[{"href":"https:\/\/guia.visitacostadamorte.com\/en\/wp-json\/wp\/v2\/media?parent=3479"}],"curies":[{"name":"wp","href":"https:\/\/api.w.org\/{rel}","templated":true}]}}