{"id":3482,"date":"2024-10-17T02:53:35","date_gmt":"2024-10-17T00:53:35","guid":{"rendered":"https:\/\/costadamorte.info\/inicio\/"},"modified":"2025-04-02T13:18:44","modified_gmt":"2025-04-02T11:18:44","slug":"inicio","status":"publish","type":"page","link":"https:\/\/guia.visitacostadamorte.com\/gl\/","title":{"rendered":"Inicio"},"content":{"rendered":"","protected":false},"excerpt":{"rendered":"","protected":false},"author":3,"featured_media":3366,"parent":0,"menu_order":0,"comment_status":"closed","ping_status":"closed","template":"","meta":{"_acf_changed":false,"slim_seo":{"title":"Costa da Morte, conf\u00edn de Europa - Descubre la informaci\u00f3n imprescindible para visitar la Costa da Morte","description":"Costa da Morte, conf\u00edn de Europa A versi\u00f3n dixital do libro &#8220;Costa da Morte, conf\u00edn de Europa&#8221; de Xan Fern\u00e1ndez Carrera abre unha vent\u00e1 \u00e1 alma desta"},"footnotes":""},"class_list":["post-3482","page","type-page","status-publish","has-post-thumbnail","hentry"],"acf":[],"_links":{"self":[{"href":"https:\/\/guia.visitacostadamorte.com\/gl\/wp-json\/wp\/v2\/pages\/3482","targetHints":{"allow":["GET"]}}],"collection":[{"href":"https:\/\/guia.visitacostadamorte.com\/gl\/wp-json\/wp\/v2\/pages"}],"about":[{"href":"https:\/\/guia.visitacostadamorte.com\/gl\/wp-json\/wp\/v2\/types\/page"}],"author":[{"embeddable":true,"href":"https:\/\/guia.visitacostadamorte.com\/gl\/wp-json\/wp\/v2\/users\/3"}],"replies":[{"embeddable":true,"href":"https:\/\/guia.visitacostadamorte.com\/gl\/wp-json\/wp\/v2\/comments?post=3482"}],"version-history":[{"count":2,"href":"https:\/\/guia.visitacostadamorte.com\/gl\/wp-json\/wp\/v2\/pages\/3482\/revisions"}],"predecessor-version":[{"id":3724,"href":"https:\/\/guia.visitacostadamorte.com\/gl\/wp-json\/wp\/v2\/pages\/3482\/revisions\/3724"}],"wp:featuredmedia":[{"embeddable":true,"href":"https:\/\/guia.visitacostadamorte.com\/gl\/wp-json\/wp\/v2\/media\/3366"}],"wp:attachment":[{"href":"https:\/\/guia.visitacostadamorte.com\/gl\/wp-json\/wp\/v2\/media?parent=3482"}],"curies":[{"name":"wp","href":"https:\/\/api.w.org\/{rel}","templated":true}]}}