{"id":3514,"date":"2023-06-12T08:30:15","date_gmt":"2023-06-12T06:30:15","guid":{"rendered":"https:\/\/costadamorte.info\/?page_id=3514"},"modified":"2024-11-01T17:05:14","modified_gmt":"2024-11-01T16:05:14","slug":"politica-de-cookies","status":"publish","type":"page","link":"https:\/\/guia.visitacostadamorte.com\/gl\/politica-de-cookies\/","title":{"rendered":"Pol\u00edtica de cookies"},"content":{"rendered":"\n<p><strong>\u00bfQue son as cookies?<\/strong><\/p>\n\n\n\n<p>En ingl\u00e9s, o termo &#8220;cookie&#8221; significa galleta, pero no \u00e1mbito da navegaci\u00f3n web, unha &#8220;cookie&#8221; \u00e9 algo completamente distinto. Cando accede ao noso sitio web, no navegador do seu dispositivo almac\u00e9nase unha pequena cantidade de texto denominada &#8220;cookie&#8221;. Este texto cont\u00e9n informaci\u00f3n variada sobre a s\u00faa navegaci\u00f3n, h\u00e1bitos, preferencias, personalizaci\u00f3ns de contidos, etc.<\/p>\n\n\n\n<p>Existen outras tecnolox\u00edas que funcionan de forma similar e que tam\u00e9n se usan para recompilar datos sobre a s\u00faa actividade de navegaci\u00f3n. Chamaremos &#8220;cookies&#8221; a todas estas tecnolox\u00edas conxuntamente.<\/p>\n\n\n\n<p>Os usos concretos que facemos destas tecnolox\u00edas descr\u00edbense neste documento.<\/p>\n\n\n\n<p><strong>Para que se usan as cookies neste sitio web?<\/strong><\/p>\n\n\n\n<p>As cookies son unha parte esencial do funcionamento do sitio web. O obxectivo principal das nosas cookies \u00e9 mellorar a s\u00faa experiencia de navegaci\u00f3n. Por exemplo, para recordar as s\u00faas preferencias (idioma, pa\u00eds, etc.) durante a navegaci\u00f3n e en futuras visitas. A informaci\u00f3n recollida nas cookies perm\u00edtenos tam\u00e9n mellorar a web, adaptala aos seus intereses como usuario, acelerar as buscas que realice, etc.<\/p>\n\n\n\n<p>Nalg\u00fans casos, se obtivemos o seu consentimento previo informado, poderemos usar cookies para outros fins, como obter informaci\u00f3n que nos permita mostrarlle publicidade baseada na an\u00e1lise dos seus h\u00e1bitos de navegaci\u00f3n.<\/p>\n\n\n\n<p><strong>Para que non se usan as cookies neste sitio web?<\/strong><\/p>\n\n\n\n<p>Nas cookies que utilizamos non se almacena informaci\u00f3n sensible de identificaci\u00f3n persoal como o seu nome, enderezo, o seu contrasinal, etc.<\/p>\n\n\n\n<p><strong>Quen utiliza a informaci\u00f3n almacenada nas cookies?<\/strong><\/p>\n\n\n\n<p>A informaci\u00f3n almacenada nas cookies do noso sitio web \u00e9 utilizada exclusivamente por n\u00f3s, ag\u00e1s aquelas identificadas a continuaci\u00f3n como &#8220;cookies de terceiros&#8221;, que son utilizadas e xestionadas por entidades externas que nos prestan servizos para mellorar a experiencia do usuario. Por exemplo, as estat\u00edsticas sobre o n\u00famero de visitas, o contido m\u00e1is popular, etc., son xestionadas habitualmente por Google Analytics.<\/p>\n\n\n\n<p><strong>Como pode evitar o uso de cookies neste sitio web?<\/strong><\/p>\n\n\n\n<p>Se prefire evitar o uso de cookies, pode REXEITAR o seu uso ou CONFIGURAR as que quere evitar e as que permite utilizar (neste documento ofrecemos informaci\u00f3n ampliada sobre cada tipo de cookie, a s\u00faa finalidade, destinatario, temporalidade, etc.).<\/p>\n\n\n\n<p>Se as aceptou, non lle volveremos preguntar ag\u00e1s que elimine as cookies no seu dispositivo tal como se indica na secci\u00f3n seguinte. Se desexa revogar o consentimento, ter\u00e1 que eliminar as cookies e configuralas de novo.<\/p>\n\n\n\n<p><strong>Como deshabilito e elimino o uso de cookies?<\/strong><\/p>\n\n\n\n<p>O Titular mostra informaci\u00f3n sobre a s\u00faa Pol\u00edtica de Cookies no banner de cookies accesible en todas as p\u00e1xinas do sitio web. O banner de cookies amosa informaci\u00f3n esencial sobre o tratamento de datos e permite ao usuario realizar as seguintes acci\u00f3ns:<\/p>\n\n\n\n<ul class=\"wp-block-list\">\n<li>ACEPTAR ou REXEITAR a instalaci\u00f3n de cookies, ou retirar o consentimento previamente outorgado.<\/li>\n\n\n\n<li>Cambiar as preferencias de cookies desde a p\u00e1xina de Personalizar Cookies, \u00e1 que pode acceder desde o Aviso de Cookies ou desde a p\u00e1xina de Personalizar Cookies.<\/li>\n\n\n\n<li>Obter informaci\u00f3n adicional na p\u00e1xina de Pol\u00edtica de Cookies.<\/li>\n<\/ul>\n\n\n\n<p>Para restrinxir, bloquear ou borrar as cookies deste sitio web (e as usadas por terceiros) pode facelo, en calquera momento, modificando a configuraci\u00f3n do seu navegador. Te\u00f1a en conta que esta configuraci\u00f3n \u00e9 diferente en cada navegador.<\/p>\n\n\n\n<p>Nos seguintes enlaces atopar\u00e1 instruci\u00f3ns para habilitar ou deshabilitar as cookies nos navegadores m\u00e1is com\u00fans:<\/p>\n\n\n\n<ul class=\"wp-block-list\">\n<li><a href=\"http:\/\/support.mozilla.org\/es\/kb\/habilitar-y-deshabilitar-cookies-que-los-sitios-we\" target=\"_blank\" rel=\"noreferrer noopener\">Firefox<\/a><\/li>\n\n\n\n<li><a href=\"https:\/\/support.google.com\/chrome\/answer\/95647?hl=es\" target=\"_blank\" rel=\"noreferrer noopener\">Google Chrome<\/a><\/li>\n\n\n\n<li><a href=\"https:\/\/support.microsoft.com\/es-es\/help\/17442\/windows-internet-explorer-delete-manage-cookies#ie=%22ie-10\" target=\"_blank\" rel=\"noreferrer noopener\">Internet Explorer<\/a><\/li>\n\n\n\n<li><a href=\"https:\/\/support.microsoft.com\/es-es\/help\/4468242\/microsoft-edge-browsing-data-and-privacy\" target=\"_blank\" rel=\"noreferrer noopener\">Microsoft Edge<\/a><\/li>\n\n\n\n<li><a href=\"http:\/\/support.apple.com\/kb\/HT1677?viewlocale=es_ES\" target=\"_blank\" rel=\"noreferrer noopener\">Safari<\/a><\/li>\n<\/ul>\n\n\n\n<p><strong>Que tipos de cookies se utilizan nesta p\u00e1xina web?<\/strong><\/p>\n\n\n\n<p>Cada p\u00e1xina web utiliza as s\u00faas propias cookies. Na nosa web utilizamos as que se indican a continuaci\u00f3n:<\/p>\n\n\n\n<p><strong>Segundo a entidade que as xestiona<\/strong><\/p>\n\n\n\n<ul class=\"wp-block-list\">\n<li><strong>Cookies propias<\/strong>: Son aquelas que se env\u00edan ao equipo terminal do Usuario desde un equipo ou dominio xestionado polo propio editor e desde o que se presta o servizo solicitado polo Usuario.<\/li>\n\n\n\n<li><strong>Cookies de terceiros<\/strong>: Son aquelas que se env\u00edan ao equipo terminal do Usuario desde un equipo ou dominio que non \u00e9 xestionado polo editor, sen\u00f3n por outra entidade que trata os datos obtidos a trav\u00e9s das cookies.<\/li>\n<\/ul>\n\n\n\n<p>No caso de que as cookies sexan servidas desde un equipo ou dominio xestionado polo propio editor, pero a informaci\u00f3n que se recolla mediante estas sexa xestionada por un terceiro, non poden ser consideradas como cookies propias se o terceiro as utiliza para os seus propios fins (por exemplo, a mellora dos servizos que presta ou a prestaci\u00f3n de servizos de car\u00e1cter publicitario a favor doutras entidades).<\/p>\n\n\n\n<p><strong>Segundo a s\u00faa finalidade<\/strong><\/p>\n\n\n\n<ul class=\"wp-block-list\">\n<li><strong>Cookies t\u00e9cnicas<\/strong>: Son necesarias para a navegaci\u00f3n e o bo funcionamento do noso sitio web, como por exemplo, controlar o tr\u00e1fico e a comunicaci\u00f3n de datos, identificar a sesi\u00f3n, acceder a partes de acceso restrinxido, realizar a solicitude de inscrici\u00f3n ou participaci\u00f3n nun evento, contar visitas a efectos da facturaci\u00f3n de licenzas do software co que funciona o servizo do sitio web, utilizar elementos de seguridade durante a navegaci\u00f3n, almacenar contidos para a difusi\u00f3n de v\u00eddeos ou son, habilitar contidos din\u00e1micos (por exemplo, animaci\u00f3n de carga dun texto ou imaxe) ou compartir contidos a trav\u00e9s de redes sociais.<\/li>\n\n\n\n<li><strong>Cookies de an\u00e1lise<\/strong>: Permiten cuantificar o n\u00famero de usuarios e as\u00ed realizar a medici\u00f3n e an\u00e1lise estat\u00edstica da utilizaci\u00f3n que fan os usuarios do sitio web.<\/li>\n\n\n\n<li><strong>Cookies de preferencias ou personalizaci\u00f3n<\/strong>: Son aquelas que permiten recordar informaci\u00f3n para que o Usuario acceda ao servizo con determinadas caracter\u00edsticas que poden diferenciar a s\u00faa experiencia da doutros usuarios, como, por exemplo, o idioma, o n\u00famero de resultados a mostrar cando o Usuario realiza unha busca, o aspecto ou contido do servizo en funci\u00f3n do tipo de navegador a trav\u00e9s do cal o Usuario accede ao servizo ou da rexi\u00f3n desde a que accede ao servizo, etc.<\/li>\n<\/ul>\n\n\n\n<p><strong>Segundo o prazo de tempo que permanecen activadas<\/strong><\/p>\n\n\n\n<ul class=\"wp-block-list\">\n<li><strong>Cookies de sesi\u00f3n<\/strong>: Son aquelas dese\u00f1adas para recoller e almacenar datos mentres o Usuario accede a unha p\u00e1xina web. Empreganse para almacenar informaci\u00f3n que s\u00f3 interesa conservar para a prestaci\u00f3n do servizo solicitado polo Usuario nunha soa ocasi\u00f3n (por exemplo, unha lista de produtos adquiridos) e desaparecen ao terminar a sesi\u00f3n.<\/li>\n\n\n\n<li><strong>Cookies persistentes<\/strong>: Son aquelas nas que os datos seguen almacenados no terminal e poden ser accedidos e tratados durante un per\u00edodo definido polo responsable da cookie, que pode ir duns minutos a varios anos. A este respecto, debe valorarse especificamente se \u00e9 necesaria a utilizaci\u00f3n de cookies persistentes, xa que os riscos para a privacidade poder\u00edan reducirse mediante a utilizaci\u00f3n de cookies de sesi\u00f3n. En todo caso, cando se instalen cookies persistentes, recom\u00e9ndase reducir ao m\u00ednimo necesario a s\u00faa duraci\u00f3n temporal atendendo \u00e1 finalidade do seu uso. A estes efectos, o Dictame 4\/2012 do GT29 indicou que para que unha cookie poida estar exenta do deber de consentimento informado, a s\u00faa caducidade debe estar relacionada coa s\u00faa finalidade. Debido a isto, \u00e9 moito m\u00e1is probable que se consideren como exceptuadas as cookies de sesi\u00f3n que as persistentes.<\/li>\n<\/ul>\n","protected":false},"excerpt":{"rendered":"<p>\u00bfQue son as cookies? En ingl\u00e9s, o termo &#8220;cookie&#8221; significa galleta, pero no \u00e1mbito da navegaci\u00f3n web, unha &#8220;cookie&#8221; \u00e9 algo completamente distinto. Cando accede ao noso sitio web, no navegador do seu dispositivo almac\u00e9nase unha pequena cantidade de texto denominada &#8220;cookie&#8221;. Este texto cont\u00e9n informaci\u00f3n variada sobre a s\u00faa navegaci\u00f3n, h\u00e1bitos, preferencias, personalizaci\u00f3ns de [&hellip;]<\/p>\n","protected":false},"author":1,"featured_media":0,"parent":0,"menu_order":0,"comment_status":"closed","ping_status":"closed","template":"","meta":{"_acf_changed":false,"slim_seo":{"title":"Pol\u00edtica de cookies - Costa da Morte, conf\u00edn de Europa","description":"\u00bfQue son as cookies? En ingl\u00e9s, o termo \"cookie\" significa galleta, pero no \u00e1mbito da navegaci\u00f3n web, unha \"cookie\" \u00e9 algo completamente distinto. Cando accede"},"footnotes":""},"class_list":["post-3514","page","type-page","status-publish","hentry"],"acf":[],"_links":{"self":[{"href":"https:\/\/guia.visitacostadamorte.com\/gl\/wp-json\/wp\/v2\/pages\/3514","targetHints":{"allow":["GET"]}}],"collection":[{"href":"https:\/\/guia.visitacostadamorte.com\/gl\/wp-json\/wp\/v2\/pages"}],"about":[{"href":"https:\/\/guia.visitacostadamorte.com\/gl\/wp-json\/wp\/v2\/types\/page"}],"author":[{"embeddable":true,"href":"https:\/\/guia.visitacostadamorte.com\/gl\/wp-json\/wp\/v2\/users\/1"}],"replies":[{"embeddable":true,"href":"https:\/\/guia.visitacostadamorte.com\/gl\/wp-json\/wp\/v2\/comments?post=3514"}],"version-history":[{"count":1,"href":"https:\/\/guia.visitacostadamorte.com\/gl\/wp-json\/wp\/v2\/pages\/3514\/revisions"}],"predecessor-version":[{"id":3516,"href":"https:\/\/guia.visitacostadamorte.com\/gl\/wp-json\/wp\/v2\/pages\/3514\/revisions\/3516"}],"wp:attachment":[{"href":"https:\/\/guia.visitacostadamorte.com\/gl\/wp-json\/wp\/v2\/media?parent=3514"}],"curies":[{"name":"wp","href":"https:\/\/api.w.org\/{rel}","templated":true}]}}