{"id":3582,"date":"2023-06-12T08:38:21","date_gmt":"2023-06-12T06:38:21","guid":{"rendered":"https:\/\/costadamorte.info\/contacto\/"},"modified":"2023-06-12T08:38:21","modified_gmt":"2023-06-12T06:38:21","slug":"contacto","status":"publish","type":"page","link":"https:\/\/guia.visitacostadamorte.com\/gl\/contacto\/","title":{"rendered":"Contacto"},"content":{"rendered":"","protected":false},"excerpt":{"rendered":"","protected":false},"author":1,"featured_media":3418,"parent":0,"menu_order":0,"comment_status":"closed","ping_status":"closed","template":"","meta":{"_acf_changed":false,"slim_seo":{"title":"Contacto - Costa da Morte, conf\u00edn de Europa","description":"Contacto Para calquera d\u00fabida ou informaci\u00f3n adicional, non dubide en contactar connosco. Estamos aqu\u00ed para axudarche en todo o que necesites sobre a Costa da M"},"footnotes":""},"class_list":["post-3582","page","type-page","status-publish","has-post-thumbnail","hentry"],"acf":[],"_links":{"self":[{"href":"https:\/\/guia.visitacostadamorte.com\/gl\/wp-json\/wp\/v2\/pages\/3582","targetHints":{"allow":["GET"]}}],"collection":[{"href":"https:\/\/guia.visitacostadamorte.com\/gl\/wp-json\/wp\/v2\/pages"}],"about":[{"href":"https:\/\/guia.visitacostadamorte.com\/gl\/wp-json\/wp\/v2\/types\/page"}],"author":[{"embeddable":true,"href":"https:\/\/guia.visitacostadamorte.com\/gl\/wp-json\/wp\/v2\/users\/1"}],"replies":[{"embeddable":true,"href":"https:\/\/guia.visitacostadamorte.com\/gl\/wp-json\/wp\/v2\/comments?post=3582"}],"version-history":[{"count":0,"href":"https:\/\/guia.visitacostadamorte.com\/gl\/wp-json\/wp\/v2\/pages\/3582\/revisions"}],"wp:featuredmedia":[{"embeddable":true,"href":"https:\/\/guia.visitacostadamorte.com\/gl\/wp-json\/wp\/v2\/media\/3418"}],"wp:attachment":[{"href":"https:\/\/guia.visitacostadamorte.com\/gl\/wp-json\/wp\/v2\/media?parent=3582"}],"curies":[{"name":"wp","href":"https:\/\/api.w.org\/{rel}","templated":true}]}}