{"id":3765,"date":"2023-06-12T08:30:15","date_gmt":"2023-06-12T06:30:15","guid":{"rendered":"https:\/\/costadamorte.info\/?page_id=3765"},"modified":"2024-11-21T07:23:09","modified_gmt":"2024-11-21T06:23:09","slug":"aviso-legal","status":"publish","type":"page","link":"https:\/\/guia.visitacostadamorte.com\/gl\/aviso-legal\/","title":{"rendered":"Aviso Legal"},"content":{"rendered":"\n<p>Co fin de dar cumprimento ao artigo 10 da Lei 34\/2002 de Servizos da Sociedade da Informaci\u00f3n e Comercio Electr\u00f3nico, informamos ao usuario dos nosos datos:<\/p>\n\n\n\n<p><strong>Titular:<\/strong> Costa da Morte Asociaci\u00f3n Tur\u00edstica<br><strong>NIF\/CIF:<\/strong> G15870025<br><strong>Enderezo:<\/strong> PQ LIRES 82 15270 CEE (Coru\u00f1a, A) Espa\u00f1a<br><strong>Correo electr\u00f3nico:<\/strong> <a>info@visitacostadamorte.com<\/a><\/p>\n\n\n\n<p><strong>Obxecto<\/strong><br>O prestador, responsable do sitio web, pon a disposici\u00f3n dos usuarios o presente documento co que pretende dar cumprimento \u00e1s obrigas dispostas na Lei 34\/2002, de Servizos da Sociedade da Informaci\u00f3n e do Comercio Electr\u00f3nico (LSSI-CE), as\u00ed como informar a todos os usuarios do sitio web respecto \u00e1s condici\u00f3ns de uso deste.<\/p>\n\n\n\n<p>Toda persoa que acceda a este sitio web asume o papel de usuario, compromet\u00e9ndose \u00e1 observancia e cumprimento rigoroso das disposici\u00f3ns aqu\u00ed indicadas, as\u00ed como de calquera outra disposici\u00f3n legal que fose aplicable.<\/p>\n\n\n\n<p>O prestador res\u00e9rvase o dereito de modificar calquera tipo de informaci\u00f3n que poida aparecer no sitio web, sen que exista obriga de preavisar ou po\u00f1er en co\u00f1ecemento dos usuarios tales modificaci\u00f3ns, entend\u00e9ndose como suficiente a publicaci\u00f3n no sitio web do prestador.<\/p>\n\n\n\n<p><strong>Responsabilidade<\/strong><br>O prestador ex\u00edmese de calquera tipo de responsabilidade derivada da informaci\u00f3n publicada no seu sitio web, sempre que esta informaci\u00f3n fose manipulada ou introducida por un terceiro alleo ao mesmo.<\/p>\n\n\n\n<p>O sitio web do prestador pode empregar cookies (pequenos ficheiros de informaci\u00f3n que o servidor env\u00eda ao ordenador de quen accede \u00e1 p\u00e1xina) para levar a cabo determinadas funci\u00f3ns consideradas imprescindibles para o correcto funcionamento e visualizaci\u00f3n do sitio. As cookies empregadas no sitio web te\u00f1en, en todo caso, car\u00e1cter temporal, coa \u00fanica finalidade de facer m\u00e1is eficaz a transmisi\u00f3n posterior, e desaparecen ao rematar a sesi\u00f3n do usuario. En ning\u00fan caso se empregar\u00e1n cookies para recoller informaci\u00f3n de car\u00e1cter persoal. Consulte a nosa <strong>Pol\u00edtica de cookies<\/strong>.<\/p>\n\n\n\n<p>Desde o sitio web do cliente \u00e9 posible que se redirixa a contidos de terceiros sitios web. Dado que o prestador non pode controlar sempre os contidos introducidos polos terceiros nos seus sitios web, este non asume ning\u00fan tipo de responsabilidade respecto a ditos contidos. En calquera caso, o prestador manifesta que proceder\u00e1 \u00e1 retirada inmediata de calquera contido que poida contravir a lexislaci\u00f3n nacional ou internacional, a moral ou a orde p\u00fablica, procedendo \u00e1 retirada inmediata da redirecci\u00f3n a dito sitio web e po\u00f1\u00e9ndoo en co\u00f1ecemento das autoridades competentes.<\/p>\n\n\n\n<p>O prestador non se fai responsable da informaci\u00f3n e contidos almacenados, a t\u00edtulo enunciativo pero non limitativo, en foros, chats, xeradores de blogs, comentarios, redes sociais ou calquera outro medio que permita a terceiros publicar contidos de forma independente na p\u00e1xina web do prestador. Non obstante, en cumprimento do disposto nos artigos 11 e 16 da LSSI-CE, o prestador ponse a disposici\u00f3n de todos os usuarios, autoridades e forzas de seguridade, colaborando de forma activa na retirada ou, no seu caso, bloqueo de todos aqueles contidos que poidan afectar ou contravir a lexislaci\u00f3n nacional ou internacional, os dereitos de terceiros ou a moral e orde p\u00fablica.<\/p>\n\n\n\n<p>En caso de que o usuario considere que existe no sitio web alg\u00fan contido que poida ser susceptible desta clasificaci\u00f3n, rog\u00e1moslle que o notifique de forma inmediata ao administrador do sitio web.<\/p>\n\n\n\n<p><strong>Propiedade Intelectual e Industrial<\/strong><br>O sitio web, inclu\u00edndo a t\u00edtulo enunciativo pero non limitativo a s\u00faa programaci\u00f3n, edici\u00f3n, compilaci\u00f3n e demais elementos necesarios para o seu funcionamento, os dese\u00f1os, logotipos, textos e\/ou gr\u00e1ficos, son propiedade do prestador ou, no seu caso, disp\u00f3n de licenza ou autorizaci\u00f3n expresa por parte dos autores. Todos os contidos do sitio web est\u00e1n debidamente protexidos pola normativa de propiedade intelectual e industrial, as\u00ed como inscritos nos rexistros p\u00fablicos correspondentes.<\/p>\n\n\n\n<p>Calquera uso non autorizado previamente polo prestador ser\u00e1 considerado un incumprimento grave dos dereitos de propiedade intelectual ou industrial do autor.<\/p>\n\n\n\n<p><strong>Lei Aplicable e Xurisdici\u00f3n<\/strong><br>Para a resoluci\u00f3n de todas as controversias ou cuesti\u00f3ns relacionadas co presente sitio web ou coas actividades nel desenvolvidas, ser\u00e1 de aplicaci\u00f3n a lexislaci\u00f3n espa\u00f1ola.<\/p>\n","protected":false},"excerpt":{"rendered":"<p>Co fin de dar cumprimento ao artigo 10 da Lei 34\/2002 de Servizos da Sociedade da Informaci\u00f3n e Comercio Electr\u00f3nico, informamos ao usuario dos nosos datos: Titular: Costa da Morte Asociaci\u00f3n Tur\u00edsticaNIF\/CIF: G15870025Enderezo: PQ LIRES 82 15270 CEE (Coru\u00f1a, A) Espa\u00f1aCorreo electr\u00f3nico: info@visitacostadamorte.com ObxectoO prestador, responsable do sitio web, pon a disposici\u00f3n dos usuarios o [&hellip;]<\/p>\n","protected":false},"author":1,"featured_media":0,"parent":0,"menu_order":0,"comment_status":"closed","ping_status":"closed","template":"","meta":{"_acf_changed":false,"slim_seo":{"title":"Aviso Legal - Costa da Morte, conf\u00edn de Europa","description":"Co fin de dar cumprimento ao artigo 10 da Lei 34\/2002 de Servizos da Sociedade da Informaci\u00f3n e Comercio Electr\u00f3nico, informamos ao usuario dos nosos datos: Tit"},"footnotes":""},"class_list":["post-3765","page","type-page","status-publish","hentry"],"acf":[],"_links":{"self":[{"href":"https:\/\/guia.visitacostadamorte.com\/gl\/wp-json\/wp\/v2\/pages\/3765","targetHints":{"allow":["GET"]}}],"collection":[{"href":"https:\/\/guia.visitacostadamorte.com\/gl\/wp-json\/wp\/v2\/pages"}],"about":[{"href":"https:\/\/guia.visitacostadamorte.com\/gl\/wp-json\/wp\/v2\/types\/page"}],"author":[{"embeddable":true,"href":"https:\/\/guia.visitacostadamorte.com\/gl\/wp-json\/wp\/v2\/users\/1"}],"replies":[{"embeddable":true,"href":"https:\/\/guia.visitacostadamorte.com\/gl\/wp-json\/wp\/v2\/comments?post=3765"}],"version-history":[{"count":1,"href":"https:\/\/guia.visitacostadamorte.com\/gl\/wp-json\/wp\/v2\/pages\/3765\/revisions"}],"predecessor-version":[{"id":3767,"href":"https:\/\/guia.visitacostadamorte.com\/gl\/wp-json\/wp\/v2\/pages\/3765\/revisions\/3767"}],"wp:attachment":[{"href":"https:\/\/guia.visitacostadamorte.com\/gl\/wp-json\/wp\/v2\/media?parent=3765"}],"curies":[{"name":"wp","href":"https:\/\/api.w.org\/{rel}","templated":true}]}}